{"id":106,"date":"2017-06-28T14:06:30","date_gmt":"2017-06-28T14:06:30","guid":{"rendered":"http:\/\/freibad-hattorf.de\/?page_id=106"},"modified":"2025-08-07T09:09:00","modified_gmt":"2025-08-07T09:09:00","slug":"zeiten-und-preise","status":"publish","type":"page","link":"https:\/\/freibad-hattorf.de\/?page_id=106","title":{"rendered":"\u00d6ffnungszeiten"},"content":{"rendered":"<h1><\/h1>\n<div class=\"template-page\">\n<div class=\"row\">\n<div class=\"col-xs-12 col-sm-12 col-md-12\">\n<div id=\"staticsite-54\" class=\"staticsite-content\">\n<p class=\"tiny_p\">Das Freibad Hattorf hat f\u00fcr Sie von Mitte Mai bis September ge\u00f6ffnet.<\/p>\n<div class=\"table-wrapper\">\n<table class=\"align-left\" border=\"1\" cellspacing=\"0\" cellpadding=\"5\" align=\"center\">\n<thead>\n<tr>\n<th colspan=\"2\">\u00d6ffnungszeiten des Freibades<\/th>\n<\/tr>\n<\/thead>\n<tbody>\n<tr>\n<td>\n<p class=\"tiny_p\">Montag bis Sonntag:<\/p>\n<\/td>\n<td>\n<p class=\"tiny_p\">10:00 Uhr bis 19:30 Uhr<\/p>\n<\/td>\n<\/tr>\n<tr>\n<td><\/td>\n<td><\/td>\n<\/tr>\n<tr>\n<td>\n<p class=\"tiny_p\">Letzter Einlass ist um<\/p>\n<p>Verlassen der Wasserfl\u00e4che<\/td>\n<td>\n<p class=\"tiny_p\">18:30 Uhr<\/p>\n<p>19:00 Uhr<\/td>\n<\/tr>\n<\/tbody>\n<\/table>\n<\/div>\n<p class=\"tiny_p\">Montags, Dienstags und Donnerstags in der Zeit von 07:00 Uhr bis 09.00 Uhr ist das Freibad nur f\u00fcr Mitglieder des F\u00f6rdervereins des Schwimmbades Hattorf ge\u00f6ffnet.<\/p>\n<p><strong>Bei schlechtem Wetter kann das Bad vorzeitig geschlossen werden<\/strong>, au\u00dfer dienstags und donnerstags von 17:30 \u2013 19:00 Uhr, da an diesen beiden Nachmittagen das Freibad in jedem Fall ge\u00f6ffnet ist.<\/p>\n<p>Das Schlie\u00dfen bei schlechtem Wetter wird durch Aushang am Freibad bekannt gegeben.<\/p>\n<p>Vorab kann man sich auch unter der Telefonnummer 05584-2104 informieren<br \/>\n(Falls das Bad geschlossen ist, gibt ein Anrufbeantworter per Banddurchsage Auskunft).<\/p>\n<p>F\u00fcr Verpflegung sorgt der vorhandene Kiosk.<\/p>\n<p>&#8230;WIR FREUEN UNS AUF IHREN BESUCH&#8230;<\/p>\n<\/div>\n<\/div>\n<\/div>\n<\/div>\n","protected":false},"excerpt":{"rendered":"<p>Das Freibad Hattorf hat f\u00fcr Sie von Mitte Mai bis September ge\u00f6ffnet. \u00d6ffnungszeiten des Freibades Montag bis Sonntag: 10:00 Uhr bis 19:30 Uhr Letzter Einlass ist um Verlassen der Wasserfl\u00e4che 18:30 Uhr 19:00 Uhr Montags, Dienstags und Donnerstags in der Zeit von 07:00 Uhr bis 09.00 Uhr ist das Freibad nur f\u00fcr Mitglieder des F\u00f6rdervereins &hellip; <\/p>\n<p class=\"link-more\"><a href=\"https:\/\/freibad-hattorf.de\/?page_id=106\" class=\"more-link\"><span class=\"screen-reader-text\">\u201e\u00d6ffnungszeiten\u201c <\/span>weiterlesen<\/a><\/p>\n","protected":false},"author":8,"featured_media":0,"parent":0,"menu_order":0,"comment_status":"closed","ping_status":"closed","template":"","meta":{"footnotes":""},"class_list":["post-106","page","type-page","status-publish","hentry"],"_links":{"self":[{"href":"https:\/\/freibad-hattorf.de\/index.php?rest_route=\/wp\/v2\/pages\/106","targetHints":{"allow":["GET"]}}],"collection":[{"href":"https:\/\/freibad-hattorf.de\/index.php?rest_route=\/wp\/v2\/pages"}],"about":[{"href":"https:\/\/freibad-hattorf.de\/index.php?rest_route=\/wp\/v2\/types\/page"}],"author":[{"embeddable":true,"href":"https:\/\/freibad-hattorf.de\/index.php?rest_route=\/wp\/v2\/users\/8"}],"replies":[{"embeddable":true,"href":"https:\/\/freibad-hattorf.de\/index.php?rest_route=%2Fwp%2Fv2%2Fcomments&post=106"}],"version-history":[{"count":26,"href":"https:\/\/freibad-hattorf.de\/index.php?rest_route=\/wp\/v2\/pages\/106\/revisions"}],"predecessor-version":[{"id":1261,"href":"https:\/\/freibad-hattorf.de\/index.php?rest_route=\/wp\/v2\/pages\/106\/revisions\/1261"}],"wp:attachment":[{"href":"https:\/\/freibad-hattorf.de\/index.php?rest_route=%2Fwp%2Fv2%2Fmedia&parent=106"}],"curies":[{"name":"wp","href":"https:\/\/api.w.org\/{rel}","templated":true}]}}