{"id":14,"date":"2017-06-18T12:58:05","date_gmt":"2017-06-18T12:58:05","guid":{"rendered":"http:\/\/freibad-hattorf.de\/?page_id=14"},"modified":"2025-08-07T09:07:57","modified_gmt":"2025-08-07T09:07:57","slug":"startseite","status":"publish","type":"page","link":"https:\/\/freibad-hattorf.de\/","title":{"rendered":"F\u00f6rderverein Schwimmbad Hattorf v. 1999 e.V."},"content":{"rendered":"\n<blockquote class=\"wp-block-quote has-vivid-green-cyan-color has-text-color has-link-color wp-elements-7f94262373208e4c500145bcc212e167 is-layout-flow wp-block-quote-is-layout-flow\">\n<p><\/p>\n\n\n\n<h2 class=\"wp-block-heading has-vivid-green-cyan-color has-text-color has-link-color has-medium-font-size wp-elements-7a1cd802f83d726b4ef6777ea869fd55\">Wir haben wieder zu den gewohnten \u00d6ffnungszeiten f\u00fcr euch offen! <\/h2>\n<\/blockquote>\n\n\n\n<p><strong>Bitte beachten sie die Einschr\u00e4nkungen auf der Seite &#8222;\u00d6ffnungszeiten&#8220;!<\/strong><\/p>\n\n\n\n<blockquote class=\"wp-block-quote has-vivid-green-cyan-color has-text-color has-link-color wp-elements-2831d51fb95415599beda00e9576acb6 is-layout-flow wp-block-quote-is-layout-flow\">\n<h2 class=\"wp-block-heading has-black-color has-text-color has-link-color has-medium-font-size wp-elements-4cfd5f97fa247529d0ca61834bbe6e14\"><\/h2>\n<\/blockquote>\n\n\n\n<p class=\"has-vivid-red-color has-text-color\"><\/p>\n\n\n\n<p><\/p>\n\n\n\n<p><\/p>\n\n\n<div class=\"wp-block-image\">\n<figure class=\"aligncenter size-large is-resized\"><img loading=\"lazy\" decoding=\"async\" width=\"1024\" height=\"768\" src=\"https:\/\/freibad-hattorf.de\/wp-content\/uploads\/2022\/07\/Foerderverein-Logo-1024x768.png\" alt=\"\" class=\"wp-image-1112\" style=\"width:336px;height:251px\" srcset=\"https:\/\/freibad-hattorf.de\/wp-content\/uploads\/2022\/07\/Foerderverein-Logo-1024x768.png 1024w, https:\/\/freibad-hattorf.de\/wp-content\/uploads\/2022\/07\/Foerderverein-Logo-300x225.png 300w, https:\/\/freibad-hattorf.de\/wp-content\/uploads\/2022\/07\/Foerderverein-Logo-768x576.png 768w, https:\/\/freibad-hattorf.de\/wp-content\/uploads\/2022\/07\/Foerderverein-Logo-1536x1152.png 1536w, https:\/\/freibad-hattorf.de\/wp-content\/uploads\/2022\/07\/Foerderverein-Logo.png 1959w\" sizes=\"auto, (max-width: 767px) 89vw, (max-width: 1000px) 54vw, (max-width: 1071px) 543px, 580px\" \/><\/figure>\n<\/div>\n\n\n<p><\/p>\n\n\n\n<p class=\"has-text-align-center has-vivid-cyan-blue-color has-text-color has-medium-font-size\"><\/p>\n\n\n\n<p><\/p>\n\n\n\n<p class=\"has-text-align-center has-vivid-cyan-blue-color has-text-color has-medium-font-size\"><strong>594 Mitglieder (Stand 15.01.2025)<\/strong><\/p>\n\n\n\n<p><\/p>\n","protected":false},"excerpt":{"rendered":"<p>Wir haben wieder zu den gewohnten \u00d6ffnungszeiten f\u00fcr euch offen! Bitte beachten sie die Einschr\u00e4nkungen auf der Seite &#8222;\u00d6ffnungszeiten&#8220;! 594 Mitglieder (Stand 15.01.2025)<\/p>\n","protected":false},"author":8,"featured_media":0,"parent":0,"menu_order":0,"comment_status":"closed","ping_status":"closed","template":"","meta":{"footnotes":""},"class_list":["post-14","page","type-page","status-publish","hentry"],"_links":{"self":[{"href":"https:\/\/freibad-hattorf.de\/index.php?rest_route=\/wp\/v2\/pages\/14","targetHints":{"allow":["GET"]}}],"collection":[{"href":"https:\/\/freibad-hattorf.de\/index.php?rest_route=\/wp\/v2\/pages"}],"about":[{"href":"https:\/\/freibad-hattorf.de\/index.php?rest_route=\/wp\/v2\/types\/page"}],"author":[{"embeddable":true,"href":"https:\/\/freibad-hattorf.de\/index.php?rest_route=\/wp\/v2\/users\/8"}],"replies":[{"embeddable":true,"href":"https:\/\/freibad-hattorf.de\/index.php?rest_route=%2Fwp%2Fv2%2Fcomments&post=14"}],"version-history":[{"count":119,"href":"https:\/\/freibad-hattorf.de\/index.php?rest_route=\/wp\/v2\/pages\/14\/revisions"}],"predecessor-version":[{"id":1260,"href":"https:\/\/freibad-hattorf.de\/index.php?rest_route=\/wp\/v2\/pages\/14\/revisions\/1260"}],"wp:attachment":[{"href":"https:\/\/freibad-hattorf.de\/index.php?rest_route=%2Fwp%2Fv2%2Fmedia&parent=14"}],"curies":[{"name":"wp","href":"https:\/\/api.w.org\/{rel}","templated":true}]}}